{"id":1310,"date":"2019-08-14T11:56:05","date_gmt":"2019-08-14T09:56:05","guid":{"rendered":"https:\/\/www.tubadzin.pl\/tas\/?page_id=1310"},"modified":"2023-01-18T15:17:33","modified_gmt":"2023-01-18T13:17:33","slug":"downloads","status":"publish","type":"page","link":"https:\/\/www.tubadzin.pl\/tas\/en\/downloads\/","title":{"rendered":"Downloads"},"content":{"rendered":"","protected":false},"excerpt":{"rendered":"","protected":false},"author":1,"featured_media":806,"parent":0,"menu_order":0,"comment_status":"closed","ping_status":"closed","template":"","meta":[],"acf":{"brak_obrazka":true,"sec_title":"","opis_strony":"","ukryj_opis":true,"katalogi":[{"acf_fc_layout":"dokument_plik","nazwa_pliku":"TAS catalogue","dokument":"https:\/\/www.tubadzin.pl\/tas\/wp-content\/uploads\/2019\/08\/katalog_tubadzin_airflow_system.pdf"},{"acf_fc_layout":"dokument_plik","nazwa_pliku":"Wido Ceramic catalogue","dokument":"https:\/\/www.tubadzin.pl\/tas\/wp-content\/uploads\/2019\/08\/wido_ceramic_tubadzin.pdf"},{"acf_fc_layout":"dokument_plik","nazwa_pliku":"Wido Frame catalogue","dokument":"https:\/\/www.tubadzin.pl\/tas\/wp-content\/uploads\/2019\/08\/wido_frame_tubadzin.pdf"},{"acf_fc_layout":"dokument_plik","nazwa_pliku":"Wido Grip catalogue","dokument":"https:\/\/www.tubadzin.pl\/tas\/wp-content\/uploads\/2019\/08\/wido_grip_klejenie_tubadzin.pdf"},{"acf_fc_layout":"dokument_plik","nazwa_pliku":"Wido INV3 catalogue","dokument":"https:\/\/www.tubadzin.pl\/tas\/wp-content\/uploads\/2019\/08\/wido_inv_tubadzin.pdf"}],"atesty":[{"acf_fc_layout":"dokument_link","nazwa_pliku":"Bostik adhesion testing","link_do_dokumentu":"https:\/\/www.tubadzin.pl\/tas\/wp-content\/uploads\/2021\/07\/Badania-adhezji-Bostik.pdf"},{"acf_fc_layout":"dokument_link","nazwa_pliku":"Sika adhesion testing","link_do_dokumentu":"https:\/\/www.tubadzin.pl\/tas\/wp-content\/uploads\/2021\/07\/Badania-adhezji-Sika.pdf"}],"tekstury":[{"acf_fc_layout":"dokument_link","nazwa_pliku":"MONOLITH Tub\u0105dzin (JPEG textures)","link_do_dokumentu":"https:\/\/apiprod7ga8u.tubadzin.pl\/api\/v1\/documents\/255\/tekstury_monolith_2.zip"},{"acf_fc_layout":"dokument_link","nazwa_pliku":"Tub\u0105dzin (JPEG textures)","link_do_dokumentu":"https:\/\/apiprod7ga8u.tubadzin.pl\/api\/v1\/documents\/256\/tekstury_tubadzin_0_0_4.zip"},{"acf_fc_layout":"dokument_link","nazwa_pliku":"Tub\u0105dzin 33x90 (JPEG textures)","link_do_dokumentu":"https:\/\/apiprod7ga8u.tubadzin.pl\/api\/v1\/documents\/160\/tekstury_33x90.zip"},{"acf_fc_layout":"dokument_link","nazwa_pliku":"Tub\u0105dzin 30x75 (JPEG textures)","link_do_dokumentu":"https:\/\/apiprod7ga8u.tubadzin.pl\/api\/v1\/documents\/158\/tekstury_tubadzin_30_75_4.zip"},{"acf_fc_layout":"dokument_link","nazwa_pliku":"Tub\u0105dzin Maciej Zie\u0144 creations (JPEG textures)","link_do_dokumentu":"https:\/\/apiprod7ga8u.tubadzin.pl\/api\/v1\/documents\/156\/tekstury_tubadzin_kreacja_maciej_zien_02_10.zip"},{"acf_fc_layout":"dokument_link","nazwa_pliku":"Tub\u0105dzin by Dorota Koziara (JPEG textures)","link_do_dokumentu":"https:\/\/apiprod7ga8u.tubadzin.pl\/api\/v1\/documents\/162\/tekstury_tubadzin_by_dorota_koziara.zip"},{"acf_fc_layout":"dokument_link","nazwa_pliku":"Korzilius (JPEG textures)","link_do_dokumentu":"https:\/\/apiprod7ga8u.tubadzin.pl\/api\/v1\/documents\/161\/tekstury-korzilius_4.zip"},{"acf_fc_layout":"dokument_link","nazwa_pliku":"Tub\u0105dzin and Korzilius (CAD D\u00e9cor library)","link_do_dokumentu":"https:\/\/apiprod7ga8u.tubadzin.pl\/api\/v1\/documents\/324\/plytki_tubadzin.zip"},{"acf_fc_layout":"dokument_link","nazwa_pliku":"MONOLITH Tub\u0105dzin (CAD D\u00e9cor library)","link_do_dokumentu":"https:\/\/apiprod7ga8u.tubadzin.pl\/api\/v1\/documents\/325\/plytki_Monolith1.zip"},{"acf_fc_layout":"dokument_link","nazwa_pliku":"Tub\u0105dzin Maciej Zie\u0144 creations (CAD D\u00e9cor library)","link_do_dokumentu":"https:\/\/apiprod7ga8u.tubadzin.pl\/api\/v1\/documents\/260\/2019-02-05-plytki_tubadzin_zien_4w7xzlr.zip"}],"deklaracje":[{"acf_fc_layout":"dokument_link","nazwa_pliku":"Declaration - wall tiles - Ceramika Tub\u0105dzin Sp. z o.o.","link_do_dokumentu":"https:\/\/apiprod7ga8u.tubadzin.pl\/api\/v1\/documents\/622\/DWU_-_PL_EN_UKCA.pdf"},{"acf_fc_layout":"dokument_link","nazwa_pliku":"Declaration - wall tiles - Ceramika Tub\u0105dzin II Sp. z o.o.","link_do_dokumentu":"https:\/\/apiprod7ga8u.tubadzin.pl\/api\/v1\/documents\/174\/deklaracja_monoporoza_ctii_15.11.2019_0.pdf"},{"acf_fc_layout":"dokument_link","nazwa_pliku":"Declaration - porcelain stoneware - Ceramika Tub\u0105dzin II Sp. z o.o.","link_do_dokumentu":"https:\/\/apiprod7ga8u.tubadzin.pl\/api\/v1\/documents\/173\/deklaracja_gres_ctii_15.11.2019_0.pdf"},{"acf_fc_layout":"dokument_link","nazwa_pliku":"Declaration - porcelain stoneware - Ceramika Tub\u0105dzin III Sp. z o.o.","link_do_dokumentu":"https:\/\/apiprod7ga8u.tubadzin.pl\/api\/v1\/documents\/493\/Declaration_of_performance_CTIII-Tub%C4%85dzin_Sp._z_o.o.-12.2022-EN.pdf"},{"acf_fc_layout":"dokument_link","nazwa_pliku":"Declaration - porcelain stoneware - Tub\u0105dzin Management Group Sp. z o.o.","link_do_dokumentu":"https:\/\/apiprod7ga8u.tubadzin.pl\/api\/v1\/documents\/171\/deklaracja_wlasciwosci_uzytkowych_tmg_aktualizacja.pdf"},{"acf_fc_layout":"dokument_link","nazwa_pliku":"Declaration UKCA CTI","link_do_dokumentu":"https:\/\/apiprod7ga8u.tubadzin.pl\/api\/v1\/documents\/635\/DWU_-_PL_EN_UKCA_LX8WW0f.pdf"},{"acf_fc_layout":"dokument_link","nazwa_pliku":"Declaration UKCA CTII wall tiles","link_do_dokumentu":"https:\/\/apiprod7ga8u.tubadzin.pl\/api\/v1\/documents\/658\/UKCA_CTII_monoporoza_12.2022_ENG.pdf"},{"acf_fc_layout":"dokument_link","nazwa_pliku":"Declaration UKCA CTII porcelain tiles ","link_do_dokumentu":"https:\/\/apiprod7ga8u.tubadzin.pl\/api\/v1\/documents\/659\/UKCA_CTII_gres_12.2022_ENG.pdf"},{"acf_fc_layout":"dokument_link","nazwa_pliku":"Declaration UKCA CTIII","link_do_dokumentu":"https:\/\/apiprod7ga8u.tubadzin.pl\/api\/v1\/documents\/636\/UKCA_Declaration_CTIII_12.2022_ENG.pdf"}]},"_links":{"self":[{"href":"https:\/\/www.tubadzin.pl\/tas\/wp-json\/wp\/v2\/pages\/1310"}],"collection":[{"href":"https:\/\/www.tubadzin.pl\/tas\/wp-json\/wp\/v2\/pages"}],"about":[{"href":"https:\/\/www.tubadzin.pl\/tas\/wp-json\/wp\/v2\/types\/page"}],"author":[{"embeddable":true,"href":"https:\/\/www.tubadzin.pl\/tas\/wp-json\/wp\/v2\/users\/1"}],"replies":[{"embeddable":true,"href":"https:\/\/www.tubadzin.pl\/tas\/wp-json\/wp\/v2\/comments?post=1310"}],"version-history":[{"count":30,"href":"https:\/\/www.tubadzin.pl\/tas\/wp-json\/wp\/v2\/pages\/1310\/revisions"}],"predecessor-version":[{"id":3194,"href":"https:\/\/www.tubadzin.pl\/tas\/wp-json\/wp\/v2\/pages\/1310\/revisions\/3194"}],"wp:featuredmedia":[{"embeddable":true,"href":"https:\/\/www.tubadzin.pl\/tas\/wp-json\/wp\/v2\/media\/806"}],"wp:attachment":[{"href":"https:\/\/www.tubadzin.pl\/tas\/wp-json\/wp\/v2\/media?parent=1310"}],"curies":[{"name":"wp","href":"https:\/\/api.w.org\/{rel}","templated":true}]}}