{"id":15,"date":"2018-08-21T14:25:23","date_gmt":"2018-08-21T14:25:23","guid":{"rendered":"http:\/\/tubadzin.pl\/tas\/\/?page_id=15"},"modified":"2019-11-07T16:32:24","modified_gmt":"2019-11-07T14:32:24","slug":"projekty-i-realizacje","status":"publish","type":"page","link":"https:\/\/www.tubadzin.pl\/tas\/projekty-i-realizacje\/","title":{"rendered":"Realizacje i Projekty"},"content":{"rendered":"","protected":false},"excerpt":{"rendered":"","protected":false},"author":1,"featured_media":0,"parent":0,"menu_order":0,"comment_status":"closed","ping_status":"closed","template":"page-templates\/template-realizacje.php","meta":[],"acf":{"brak_obrazka":true,"sec_title":"TUB\u0104DZIN AIRFLOW SYSTEM","opis_strony":"TAS to nowy wymiar rozwi\u0105za\u0144 stworzonych z my\u015bl\u0105 o elewacjach wentylowanych. <br \/>\r\nTo r\u00f3wnie\u017c wsparcie dla architekt\u00f3w i wykonawc\u00f3w ceni\u0105cych dopracowane detale, wytrzyma\u0142o\u015b\u0107 i funkcjonalno\u015b\u0107 produkt\u00f3w.","ukryj_opis":true},"_links":{"self":[{"href":"https:\/\/www.tubadzin.pl\/tas\/wp-json\/wp\/v2\/pages\/15"}],"collection":[{"href":"https:\/\/www.tubadzin.pl\/tas\/wp-json\/wp\/v2\/pages"}],"about":[{"href":"https:\/\/www.tubadzin.pl\/tas\/wp-json\/wp\/v2\/types\/page"}],"author":[{"embeddable":true,"href":"https:\/\/www.tubadzin.pl\/tas\/wp-json\/wp\/v2\/users\/1"}],"replies":[{"embeddable":true,"href":"https:\/\/www.tubadzin.pl\/tas\/wp-json\/wp\/v2\/comments?post=15"}],"version-history":[{"count":4,"href":"https:\/\/www.tubadzin.pl\/tas\/wp-json\/wp\/v2\/pages\/15\/revisions"}],"predecessor-version":[{"id":2068,"href":"https:\/\/www.tubadzin.pl\/tas\/wp-json\/wp\/v2\/pages\/15\/revisions\/2068"}],"wp:attachment":[{"href":"https:\/\/www.tubadzin.pl\/tas\/wp-json\/wp\/v2\/media?parent=15"}],"curies":[{"name":"wp","href":"https:\/\/api.w.org\/{rel}","templated":true}]}}