{"id":1588,"date":"2019-08-28T16:17:52","date_gmt":"2019-08-28T14:17:52","guid":{"rendered":"https:\/\/www.tubadzin.pl\/tas\/?page_id=1588"},"modified":"2019-11-22T10:34:21","modified_gmt":"2019-11-22T08:34:21","slug":"haufig-gestellte-fragen","status":"publish","type":"page","link":"https:\/\/www.tubadzin.pl\/tas\/de\/haufig-gestellte-fragen\/","title":{"rendered":"FAQ"},"content":{"rendered":"","protected":false},"excerpt":{"rendered":"","protected":false},"author":1,"featured_media":0,"parent":0,"menu_order":0,"comment_status":"closed","ping_status":"closed","template":"","meta":[],"acf":{"architekci":[{"pytanie":"Was ist eine hinterl\u00fcftete Fassade?","odpowiedz":"<p>Die hinterl\u00fcftete Fassade ist eine der Abschlussarten von Au\u00dfenw\u00e4nden im Bauwesen. Diese L\u00f6sung erf\u00fcllt die Funktionen der W\u00e4rmed\u00e4mmung des Objekts, erm\u00f6glicht eine L\u00fcftung der Mauern und erm\u00f6glicht zudem die Gestaltung des \u00e4u\u00dferen Aussehens des Geb\u00e4udes. Eine hinterl\u00fcftete Fassade erm\u00f6glicht es den W\u00e4nden zu \u201eatmen\u201c, weshalb sie eine hervorragende L\u00f6sung im Falle einer Thermomodernisierung alter Geb\u00e4ude mit L\u00fcftungssystem geringer Leistung darstellt.<\/p>\n<p>Der grundlegende Vorteil der Anwendung der Technologie der gel\u00fcfteten Fassade ist die gro\u00dfe Vielfalt der Verkleidungsmaterialien, die zum Abschluss der W\u00e4nde dienen, sowie sehr breite M\u00f6glichkeiten ihrer Anwendung. Diese Art der Fassade ist eine moderne L\u00f6sung, die von Architekten bevorzugt wird und schrittweise traditionelle \u201efeuchte\u201c W\u00e4rmed\u00e4mmungen verdr\u00e4ngt.<\/p>\n"},{"pytanie":"Welche Arten von Fassadenverkleidungen gibt es?","odpowiedz":"<p>In gel\u00fcfteten Fassaden werden allgemein k\u00fcnstliche Kompositmaterialien (HPL, Faserzement, Aluminiumkomposit) sowie nat\u00fcrliche Verkleidungen, wie Naturstein, Klinker, Keramik, angewendet. Im Gegensatz zu Kompositmaterialien zeichnet sich Keramik durch eine viel h\u00f6here Widerstandsf\u00e4higkeit gegen \u00e4u\u00dfere Faktoren, edles Aussehen und \u00fcberdurchschnittliche Haltbarkeit aus. Ein weiterer Vorteil einer Keramikfassade sind der hohe Grad der Isolierung des Geb\u00e4udes vor Erhitzung sowie eine bessere akustische Isolierung, als im Falle von Kompositmaterialien. Im Vergleich zu Verkleidungen aus Naturstein liegt der Vorteil von Steingutkeramik bei den geringeren Investitionskosten, der fehlenden Notwendigkeit einer Impr\u00e4gnierung, einem niedrigeren Gewicht der Verkleidung und viel gr\u00f6\u00dferen M\u00f6glichkeiten in Hinsicht auf das Design. Keramische Verkleidungen erm\u00f6glichen zus\u00e4tzlich die Anwendung einer gr\u00f6\u00dferen Vielfalt an Befestigungsarten, was h\u00f6here Flexibilit\u00e4t und einen breiteren Anwendungsbereich garantiert.<\/p>\n<p>Eine h\u00e4ufig auftretende Frage ist die \u00c4hnlichkeit von Keramikverkleidungen und sogenannter Quarzsinter. Der genannte Sinter ist eine Art Feinsteinzeug, das den gleichen Normen unterliegt und auf identische Weise hergestellt wird, wie gro\u00dfformatige Feinsteinzeugfliesen. Der Vorteil von Steingut im Vergleich zu Quarzsinter liegt in der h\u00f6heren Elastizit\u00e4t und der geringeren Spr\u00f6digkeit des Materials.<\/p>\n"},{"pytanie":"Welche Bestandteile hat eine hinterl\u00fcftete Fassade?","odpowiedz":"<p>Eine hinterl\u00fcftete Fassade ist ein Satz aus Bauprodukten, deren entsprechende Auswahl von entscheidender Bedeutung f\u00fcr den Endeffekt sowie die Nutzungssicherheit ist. Die Produktcharakteristik erfordert die Erstellung einer individuellen Ausf\u00fchrungsplanung durch den Architekten oder Konstrukteur aus der die Fassade aus Halbprodukten herstellenden Firma.<\/p>\n<p>Die Firma Ceramika Tub\u0105dzin produziert eines der Elemente in Form der \u00e4u\u00dferen Verkleidung und hat keinen realen Einfluss auf die anderen Elemente des Satzes. Unsere Erfahrung und unser Wissen erm\u00f6glichen es uns jedoch, vertrauensw\u00fcrdige Partner zu benennen, deren Erzeugnisse die Vorbereitung eines vollst\u00e4ndigen Satzes zur Erstellung der Fassade erm\u00f6glichen. Es ist daran zu denken, dass der Satz ein jedes Mal nach der Spezifik des gegebenen Projekts ausgew\u00e4hlt wird.<\/p>\n<p>Zu einem kompletten Produktsatz zur Erstellung einer gel\u00fcfteten Fassade geh\u00f6ren:<\/p>\n<ul>\n<li>Elemente zur Befestigung der Unterkonstruktion an der Wand<\/li>\n<li>Aluminium-Unterkonstruktion \/ Gestell \/ Rost<\/li>\n<li>Mineralwolle<\/li>\n<li>Elemente zur Befestigung der Verkleidung am Rost<\/li>\n<li>Bewehrungsgitter der Verkleidung (optional)<\/li>\n<li>Fassadenverkleidung<\/li>\n<\/ul>\n"},{"pytanie":"Was kostet eine hinterl\u00fcftete Fassade?","odpowiedz":"<p>Die Kalkulation einer Fassadenverkleidung in Form von Fliesen kann in Form eines Preises je Quadratmeter dargestellt werden, die anderen Elemente des Systems werden jedoch der Montagedienstleistung zugerechnet, weshalb die Gesamtkosten der Ausf\u00fchrung der Fassade in Einzelpreisen nicht angegeben werden. Zu den Kosten einer gel\u00fcfteten Fassade geh\u00f6ren die Kosten der Ausf\u00fchrungsplanung, die Materialkosten und die Montagekosten. Einfluss auf den Preis haben zahlreiche Faktoren, wie die Spezifik des verwendeten Systems oder der Zeitintensit\u00e4t seiner Bearbeitung, die Menge der Materialabf\u00e4lle, die aus der Aufteilung der Fugen und dem Kompliziertheitsgrad der Fassade folgt, Fixkosten f\u00fcr die Vorbereitung des Entwurfs, den Transport, die Kosten der Ausr\u00fcstung in Form von Ger\u00fcsten und Hebezeugen.<\/p>\n<p>In Abh\u00e4ngigkeit von der Skala der Investition, der Art der Unterkonstruktion sowie den lokalen Preisen k\u00f6nnen die Kosten f\u00fcr die vollst\u00e4ndige Unterkonstruktion einschlie\u00dflich Wolle und Montage zwischen 350 und 650 PLN netto je Quadratmeter betragen. Dieser Preis enth\u00e4lt nicht die Verkleidung.<\/p>\n<p>Im Jahre 2016 sahen die Preise f\u00fcr fertige hinterl\u00fcftete Fassaden in etwa folgenderma\u00dfen aus:<\/p>\n<p>Im Falle gro\u00dfer Realisierungen mit mehr als 1000 m2 lag der Preis der vollst\u00e4ndigen Fassade einschlie\u00dflich Verkleidung bei etwa 550 \u2013 600 PLN netto je Quadratmeter.<\/p>\n<p>Bei kleineren Auftr\u00e4gen unter 100 m2 konnte der Preis bis auf 950 PLN je Quadratmeter steigen.<\/p>\n"},{"pytanie":"Welche Anforderungen an den Entwurf einer gel\u00fcfteten Fassade gibt es?","odpowiedz":"<p>Zu einem kompletten Satz der Elemente zur Erstellung einer gel\u00fcfteten Fassade geh\u00f6ren:<\/p>\n<ul>\n<li>Elemente zur Befestigung der Unterkonstruktion an der Wand<\/li>\n<li>Aluminium-Unterkonstruktion (Gestell)<\/li>\n<li>Mineralwolle<\/li>\n<li>Elemente zur Befestigung der Verkleidung am Gestell<\/li>\n<li>Bewehrungsgitter der Verkleidung (optional)<\/li>\n<li>Fassadenverkleidung<\/li>\n<\/ul>\n<ol>\n<li>Eine hinterl\u00fcftete Fassade ist ein Satz aus Bauprodukten, deren entsprechende Auswahl von entscheidender Bedeutung f\u00fcr den Endeffekt sowie die Nutzungssicherheit ist.<\/li>\n<li>Die Produktcharakteristik erfordert die Erstellung einer individuellen Ausf\u00fchrungsplanung durch den Architekten oder Konstrukteur aus der die Fassade aus Halbprodukten herstellenden Firma.<\/li>\n<li>Die Firma Ceramika Tub\u0105dzin ist ein Lieferant der \u00e4u\u00dferen Verkleidung, also nur eines von mehreren Elementen einer Fassade.<\/li>\n<li>Die Verantwortung f\u00fcr das einzelne Element der gel\u00fcfteten Fassade und die Art der mit ihm verbundenen Arbeit liegt bei der Firma, die f\u00fcr seine Lieferung oder Montage verantwortlich ist. Am wichtigsten ist dabei die rechtliche Haftung des Architekten oder des Konstrukteurs der Fassade.<\/li>\n<\/ol>\n"},{"pytanie":"Kann ich bei Nutzung des Systems TAS auf technische Unterst\u00fctzung hoffen?","odpowiedz":"<p>Das Tub\u0105dzin Airflow System bietet eine vollst\u00e4ndige Unterst\u00fctzung f\u00fcr Entwurfsplaner und Auftragnehmer:<\/p>\n<ul>\n<li>Hilfe bei der Auswahl der Abschlussmaterialien und Ausf\u00fchrung des Konzepts der Fassade<\/li>\n<li>Wir organisieren kostenlose Schulungen f\u00fcr Entwurfsb\u00fcros und Auftragnehmer<\/li>\n<li>Die Objektabteilungen unserer Partner helfen dabei, die am besten an die Charakteristik der gegebenen Investition angepassten L\u00f6sungen zu finden, wodurch eine Optimierung der Kosten und der Realisierungszeit m\u00f6glich ist<\/li>\n<li>CAD-Details stehen zum Download bereit.<\/li>\n<\/ul>\n"},{"pytanie":"Welches sind die Qualit\u00e4tsfaktoren der Bestandteile des Systems TAS?","odpowiedz":"<p>Das Isoliermaterial muss eine leistungsf\u00e4hige L\u00fcftung der Mauer erm\u00f6glichen. Es wird allgemein Mineralwolle mit einer St\u00e4rke von 15 \u2013 20 cm eingesetzt, die auf der einen Seite einen sogenannten Schleier, also eine dampfdurchl\u00e4ssige Membran besitzen. Alle Verbindungen zwischen den einzelnen Elementen der Wolle m\u00fcssen sorgf\u00e4ltig, ohne Unterbrechungen und so ausgef\u00fchrt werden, dass keine W\u00e4rmebr\u00fccken entstehen.<\/p>\n<p>Die Verankerung der Unterkonstruktion an der Wand muss die Spezifik des Unterbodens ber\u00fccksichtigen, an welchem die Verkleidung montiert wird. Bei Stahlbetonw\u00e4nden sind andere Montageelemente notwendig, als bei W\u00e4nden aus Porenbeton oder Keramik-Hohlsteinen.<\/p>\n"}],"wykonawcy":[{"pytanie":"Mineralwolle","odpowiedz":"<p>Das Isoliermaterial muss eine leistungsf\u00e4hige L\u00fcftung der Mauer erm\u00f6glichen. Es wird allgemein Mineralwolle mit einer St\u00e4rke von 15 \u2013 20 cm eingesetzt, die auf der einen Seite einen sogenannten Schleier, also eine dampfdurchl\u00e4ssige Membran besitzen. Alle Verbindungen zwischen den einzelnen Elementen der Wolle m\u00fcssen sorgf\u00e4ltig, ohne Unterbrechungen und so ausgef\u00fchrt werden, dass keine W\u00e4rmebr\u00fccken entstehen.<\/p>\n"},{"pytanie":"Verankerung der Unterkonstruktion an der Wand","odpowiedz":"<p>Dies ist das erste Element des Satzes, seine Auswahl folgt aus der Spezifik des Untergrunds, auf welchem die Verkleidung montiert wird. Die Verantwortung f\u00fcr die Auswahl der Verankerung zur Befestigung der Unterkonstruktion an der Mauer tr\u00e4gt alleinig die die Montage durchf\u00fchrende Firma. Die richtige Auswahl der Montagemethode muss ein jedes Mal durch Berechnungen eines dazu erm\u00e4chtigten Konstrukteurs auf Grundlage einer Analyse des Untergrunds unter Ber\u00fccksichtigung des Gewichts der Fassade und der von der Verkleidung auf die Konstruktion der Mauer \u00fcber das Gestell \u00fcbertragenen Kr\u00e4fte best\u00e4tigt werden. Bei Stahlbetonw\u00e4nden sind andere Montageelemente notwendig, als bei W\u00e4nden aus Porenbeton oder Keramik-Hohlsteinen. Bei der Auswahl der entsprechenden L\u00f6sung helfen oftmals die technischen Abteilungen des gegebenen Herstellers der Unterkonstruktion.<\/p>\n"},{"pytanie":"Unterkonstruktion + Befestigung der Verkleidung","odpowiedz":"<p>Die Aluminium-Unterkonstruktion, die auch Gestell oder Rost genannt wird, erf\u00fcllt mehrere Funktionen, ihre entsprechende Auswahl hat grundlegende Bedeutung bei der Planung und Ausf\u00fchrung der Arbeiten. Das Gestell garantiert die \u00dcbertragung der auf die Verkleidung einwirkenden Kr\u00e4fte auf die Konstruktion des Geb\u00e4udes, garantiert zudem Haltbarkeit und Stabilit\u00e4t der Elemente und erm\u00f6glicht die Kompensierung der aus der Ausdehnung der Materialien folgenden Kr\u00e4fte. Die Unterkonstruktion muss die Montage unter bestimmten Witterungsbedingungen erm\u00f6glichen: so gibt es etwa bei einer Realisierung im Winterzeitraum keine M\u00f6glichkeit der Anwendung von auf der Baustelle verklebten Elementen. Verschiedene Arten der Unterkonstruktion erm\u00f6glichen die Demontage und den Austausch einzelner Elemente der Fassade, erm\u00f6glichen einen Zugang f\u00fcr Servicekr\u00e4fte zur Installation unter der Verkleidung und erm\u00f6glichen die Verwendung von Photovoltaik-Paneelen im Rahmen einer Ebene. Die Auswahl einer entsprechenden Reichweite des Gestells h\u00e4ngt von der eingesetzten St\u00e4rke der W\u00e4rmed\u00e4mmung und der Luftschicht ab. Nachfolgend werden die grundlegenden Arten der Unterkonstruktionen beschrieben: Klebesystem: Besteht in der Montage des kompletten Gestells an der Wand und dem Ankleben der Verkleidung direkt an der entstandenen Fl\u00e4che mit Hilfe des Montagesystems (z.B. SIKA TACK PANEL). Der Vorteil dieser L\u00f6sung besteht in der Einfachheit der Konstruktion, den niedrigen Kosten und der M\u00f6glichkeit der Ausf\u00fchrung der Arbeiten vollst\u00e4ndig auf der Baustelle. Ein Mangel ist der beschr\u00e4nkte Temperatur- und Feuchtigkeitsbereich der Anwendung des Systems. Die Montage bei niedrigen Temperaturen und bei Regenf\u00e4llen ist nicht m\u00f6glich. Bei einer Anwendung in einer H\u00f6he von mehr als 25 Metern ist die Anwendung zus\u00e4tzlicher mechanischer Befestigungselemente notwendig. Rahmensystem: Dies ist eine Abart des Klebesystems mit dem Unterschied, dass ein Teil der Unterkonstruktion an der Wand montiert wird und ein Teil an den Fliesen in der Fabrik \/ Werkstatt des Auftragnehmers. Anschlie\u00dfend werden die Elemente der Verkleidung mit unterklebtem Gestell auf die Baustelle gebracht und dort montiert. Dies erlaubt eine Arbeit unter allen Witterungsbedingungen unter der Bedingung, dass w\u00e4hrend der Verklebung in der Werkstatt entsprechende Parameter eingehalten werden. Das Rahmensystem verst\u00e4rkt zus\u00e4tzlich die Verkleidung und garantiert eine verbessere Verteilung der Spannungen im Material. Systeme der mechanischen Befestigung: Auf dem Markt gibt es eine Reihe von sichtbaren und unsichtbaren L\u00f6sungen f\u00fcr die mechanische Montage der Fassadenverkleidungen. Ihr grundlegender Vorteil besteht in der vollst\u00e4ndigen Feuerfestigkeit sowie im einfachen Austausch der einzelnen Elemente der Fassade im Falle ihrer Besch\u00e4digung. Die Systeme der mechanischen Befestigung st\u00fctzen sich meist auf au\u00dfenliegende Halter, die die Verkleidung halten. Bei gro\u00dfen Objekten und entsprechender Auswahl der Farbe kann deren Einfluss auf das Aussehen der Fassade minimiert werden. Die verdeckten Befestigungssystem erfordern eine zus\u00e4tzliche Bearbeitung des Materials durch das Einsetzen von KEIL-D\u00fcbeln oder die Ausf\u00fchrung von Einschnitten, die den Einsatz von Befestigungen INV3 oder Stahlklemmplatten erm\u00f6glichen.<\/p>\n"},{"pytanie":"Bewehrungsgitter der Verkleidung im System SIKA","odpowiedz":"<p>Die Fassadenverkleidung muss im Falle einer mechanischen Besch\u00e4digung der Fassade die Nutzungssicherheit garantieren. Eine obligatorische Untersuchung der Fassade, die unter Laborbedingungen nach den Richtlinien des Instituts f\u00fcr Bautechnik ausgef\u00fchrt wird, ist ein Schlag mit einem weichen K\u00f6rper und einem hartem K\u00f6rper. Die Verkleidung darf nach dem Schlag auf sie nicht von der Wand abfallen. Um dies zu erreichen, muss die Fliese eine entsprechende Schlagfestigkeit besitzen, die aus ihrer St\u00e4rke folgt, oder eine verdichtete Unterkonstruktion aufweisen, die die durch den Schlag entstehenden Kr\u00e4fte \u00fcbertr\u00e4gt. Eine Option ist zudem die Sicherung der Fliese durch das Unterkleben mit einem Gitter im System SIKA, damit die Fliese trotz Rissen sich ihre Integrit\u00e4t erh\u00e4lt und nicht von der Wand abf\u00e4llt. Standardm\u00e4\u00dfig betr\u00e4gt der Abstand der vertikalen Profile 60cm, bei einem solchen Abstand erh\u00e4lt sich eine Fliese der St\u00e4rke von 10mm ihre Parameter nach einem Schlag. Eine Fliese der St\u00e4rke von 6mm erf\u00fcllt die Bedingungen unter der Bedingungen der Verdichtung der Unterkonstruktion auf 40cm oder durch das Unterkleben der Fliese mit einem Gitter (bei einem Abstand von 60cm). Gro\u00dfen Einfluss auf die Festigkeit der Fliese hat die Unterkonstruktion. Die Breite der eingesetzten Profile in einem Klebesystem oder die Verwendung eines Rahmensystems verbessern bedeutend die Verteilung der mechanischen Spannungen, wodurch die Festigkeit der Fliesen angehoben wird.<\/p>\n"}],"brak_obrazka":false,"sec_title":"TUB\u0104DZIN AIRFLOW SYSTEM","opis_strony":"TAS ist eine neue Dimension der Losungen f\u00fcr hinterl\u00fcftete Fassaden.<br \/>\r\nEs stellt ebenfalls eine Unterst\u00fctzung f\u00fcr Architekten und Auftragnehmer dar, die ausgefeilte Details, Haltbarkeit und Funktionalit\u00e4t der Produkte zu sch\u00e4tzen wissen.","ukryj_opis":false},"_links":{"self":[{"href":"https:\/\/www.tubadzin.pl\/tas\/wp-json\/wp\/v2\/pages\/1588"}],"collection":[{"href":"https:\/\/www.tubadzin.pl\/tas\/wp-json\/wp\/v2\/pages"}],"about":[{"href":"https:\/\/www.tubadzin.pl\/tas\/wp-json\/wp\/v2\/types\/page"}],"author":[{"embeddable":true,"href":"https:\/\/www.tubadzin.pl\/tas\/wp-json\/wp\/v2\/users\/1"}],"replies":[{"embeddable":true,"href":"https:\/\/www.tubadzin.pl\/tas\/wp-json\/wp\/v2\/comments?post=1588"}],"version-history":[{"count":18,"href":"https:\/\/www.tubadzin.pl\/tas\/wp-json\/wp\/v2\/pages\/1588\/revisions"}],"predecessor-version":[{"id":2112,"href":"https:\/\/www.tubadzin.pl\/tas\/wp-json\/wp\/v2\/pages\/1588\/revisions\/2112"}],"wp:attachment":[{"href":"https:\/\/www.tubadzin.pl\/tas\/wp-json\/wp\/v2\/media?parent=1588"}],"curies":[{"name":"wp","href":"https:\/\/api.w.org\/{rel}","templated":true}]}}