{"id":1609,"date":"2019-08-28T17:04:18","date_gmt":"2019-08-28T15:04:18","guid":{"rendered":"https:\/\/www.tubadzin.pl\/tas\/?page_id=1609"},"modified":"2019-11-21T19:07:40","modified_gmt":"2019-11-21T17:07:40","slug":"realisierungen-und-projekte","status":"publish","type":"page","link":"https:\/\/www.tubadzin.pl\/tas\/de\/realisierungen-und-projekte\/","title":{"rendered":"REALISIERUNGEN UND PROJEKTE"},"content":{"rendered":"","protected":false},"excerpt":{"rendered":"","protected":false},"author":1,"featured_media":0,"parent":0,"menu_order":0,"comment_status":"closed","ping_status":"closed","template":"page-templates\/template-realizacje.php","meta":[],"acf":{"brak_obrazka":true,"sec_title":"TUB\u0104DZIN AIRFLOW SYSTEM","opis_strony":"TAS ist eine neue Dimension der Losungen f\u00fcr gel\u00fcftete Fassaden.<br \/>\r\nEs stellt ebenfalls eine Unterst\u00fctzung f\u00fcr Architekten und Auftragnehmer dar, die ausgefeilte Details, Haltbarkeit und Funktionalit\u00e4t der Produkte zu sch\u00e4tzen wissen.","ukryj_opis":true},"_links":{"self":[{"href":"https:\/\/www.tubadzin.pl\/tas\/wp-json\/wp\/v2\/pages\/1609"}],"collection":[{"href":"https:\/\/www.tubadzin.pl\/tas\/wp-json\/wp\/v2\/pages"}],"about":[{"href":"https:\/\/www.tubadzin.pl\/tas\/wp-json\/wp\/v2\/types\/page"}],"author":[{"embeddable":true,"href":"https:\/\/www.tubadzin.pl\/tas\/wp-json\/wp\/v2\/users\/1"}],"replies":[{"embeddable":true,"href":"https:\/\/www.tubadzin.pl\/tas\/wp-json\/wp\/v2\/comments?post=1609"}],"version-history":[{"count":7,"href":"https:\/\/www.tubadzin.pl\/tas\/wp-json\/wp\/v2\/pages\/1609\/revisions"}],"predecessor-version":[{"id":2088,"href":"https:\/\/www.tubadzin.pl\/tas\/wp-json\/wp\/v2\/pages\/1609\/revisions\/2088"}],"wp:attachment":[{"href":"https:\/\/www.tubadzin.pl\/tas\/wp-json\/wp\/v2\/media?parent=1609"}],"curies":[{"name":"wp","href":"https:\/\/api.w.org\/{rel}","templated":true}]}}