{"id":1956,"date":"2019-08-30T18:20:35","date_gmt":"2019-08-30T16:20:35","guid":{"rendered":"https:\/\/www.tubadzin.pl\/tas\/?page_id=1956"},"modified":"2023-01-18T15:12:06","modified_gmt":"2023-01-18T13:12:06","slug":"na-stiahnutie","status":"publish","type":"page","link":"https:\/\/www.tubadzin.pl\/tas\/sk\/na-stiahnutie\/","title":{"rendered":"NA STIAHNUTIE"},"content":{"rendered":"","protected":false},"excerpt":{"rendered":"","protected":false},"author":1,"featured_media":806,"parent":0,"menu_order":0,"comment_status":"closed","ping_status":"closed","template":"","meta":[],"acf":{"brak_obrazka":false,"sec_title":"NA STIAHNUTIE","opis_strony":"TAS je nov\u00fd rozmer rie\u0161en\u00ed vytvoren\u00fd pre odvetr\u00e1van\u00e9 fas\u00e1dy.<br \/>\r\nJe to tie\u017e podpora pre architektov a dod\u00e1vate\u013eov, ktor\u00ed ocenia rafinovan\u00e9 detaily, odolnos\u0165 a funk\u010dnos\u0165 v\u00fdrobkov.","ukryj_opis":true,"katalogi":[{"acf_fc_layout":"dokument_plik","nazwa_pliku":"Katal\u00f3g TAS","dokument":"https:\/\/www.tubadzin.pl\/tas\/wp-content\/uploads\/2019\/01\/katalog_tubadzin_airflow_system.pdf"},{"acf_fc_layout":"dokument_plik","nazwa_pliku":"Katal\u00f3g Wido Ceramic","dokument":"https:\/\/www.tubadzin.pl\/tas\/wp-content\/uploads\/2019\/01\/wido_ceramic_tubadzin.pdf"},{"acf_fc_layout":"dokument_plik","nazwa_pliku":"Katal\u00f3g Wido Frame","dokument":"https:\/\/www.tubadzin.pl\/tas\/wp-content\/uploads\/2019\/01\/wido_frame_tubadzin.pdf"},{"acf_fc_layout":"dokument_plik","nazwa_pliku":"Katal\u00f3g Wido Grip","dokument":"https:\/\/www.tubadzin.pl\/tas\/wp-content\/uploads\/2019\/01\/wido_grip_klejenie_tubadzin.pdf"},{"acf_fc_layout":"dokument_plik","nazwa_pliku":"Katal\u00f3g Wido INV3","dokument":"https:\/\/www.tubadzin.pl\/tas\/wp-content\/uploads\/2019\/01\/wido_inv_tubadzin.pdf"}],"atesty":[{"acf_fc_layout":"dokument_link","nazwa_pliku":"Sk\u00fa\u0161ky adh\u00e9zie Bostik","link_do_dokumentu":"https:\/\/www.tubadzin.pl\/tas\/wp-content\/uploads\/2021\/07\/Badania-adhezji-Bostik.pdf"},{"acf_fc_layout":"dokument_link","nazwa_pliku":"Sk\u00fa\u0161ky adh\u00e9zie Sika","link_do_dokumentu":"https:\/\/www.tubadzin.pl\/tas\/wp-content\/uploads\/2021\/07\/Badania-adhezji-Sika.pdf"}],"tekstury":[{"acf_fc_layout":"dokument_link","nazwa_pliku":"Dla\u017edice MONOLITH Tub\u0105dzin (text\u00fara JPEG)","link_do_dokumentu":"https:\/\/apiprod7ga8u.tubadzin.pl\/api\/v1\/documents\/255\/tekstury_monolith_2.zip"},{"acf_fc_layout":"dokument_link","nazwa_pliku":"Dla\u017edice Tub\u0105dzin (text\u00fara JPEG)","link_do_dokumentu":"https:\/\/apiprod7ga8u.tubadzin.pl\/api\/v1\/documents\/256\/tekstury_tubadzin_0_0_4.zip"},{"acf_fc_layout":"dokument_link","nazwa_pliku":"Dla\u017edice Tub\u0105dzin 33x90 (text\u00fara JPEG)","link_do_dokumentu":"https:\/\/apiprod7ga8u.tubadzin.pl\/api\/v1\/documents\/160\/tekstury_33x90.zip"},{"acf_fc_layout":"dokument_link","nazwa_pliku":"Dla\u017edice Tub\u0105dzin 30x75 (text\u00fara JPEG)","link_do_dokumentu":"https:\/\/apiprod7ga8u.tubadzin.pl\/api\/v1\/documents\/158\/tekstury_tubadzin_30_75_4.zip"},{"acf_fc_layout":"dokument_link","nazwa_pliku":"Dla\u017edice Tub\u0105dzin autor Maciej Zie\u0144 (text\u00fara JPEG)","link_do_dokumentu":"https:\/\/apiprod7ga8u.tubadzin.pl\/api\/v1\/documents\/156\/tekstury_tubadzin_kreacja_maciej_zien_02_10.zip"},{"acf_fc_layout":"dokument_link","nazwa_pliku":"Dla\u017edice Tub\u0105dzin autor Dorota Koziara (text\u00fara JPEG)","link_do_dokumentu":"https:\/\/apiprod7ga8u.tubadzin.pl\/api\/v1\/documents\/162\/tekstury_tubadzin_by_dorota_koziara.zip"},{"acf_fc_layout":"dokument_link","nazwa_pliku":"Dla\u017edice Korzilius (text\u00fara JPEG)","link_do_dokumentu":"https:\/\/apiprod7ga8u.tubadzin.pl\/api\/v1\/documents\/161\/tekstury-korzilius_4.zip"},{"acf_fc_layout":"dokument_link","nazwa_pliku":"Dla\u017edice Tub\u0105dzin a Korzilius (CAD kni\u017enica Dekor)","link_do_dokumentu":"https:\/\/apiprod7ga8u.tubadzin.pl\/api\/v1\/documents\/324\/plytki_tubadzin.zip"},{"acf_fc_layout":"dokument_link","nazwa_pliku":"Dla\u017edice MONOLITH Tub\u0105dzin (CAD kni\u017enica Dekor)","link_do_dokumentu":"https:\/\/apiprod7ga8u.tubadzin.pl\/api\/v1\/documents\/325\/plytki_Monolith1.zip"},{"acf_fc_layout":"dokument_link","nazwa_pliku":"Dla\u017edice Tub\u0105dzin autor Maciej Zie\u0144 (CAD kni\u017enica Dekor)","link_do_dokumentu":"https:\/\/apiprod7ga8u.tubadzin.pl\/api\/v1\/documents\/260\/2019-02-05-plytki_tubadzin_zien_4w7xzlr.zip"}],"deklaracje":[{"acf_fc_layout":"dokument_link","nazwa_pliku":"Vyhl\u00e1senie - obklady - Ceramika Tub\u0105dzin Sp. z o.o.","link_do_dokumentu":"https:\/\/apiprod7ga8u.tubadzin.pl\/api\/v1\/documents\/622\/DWU_-_PL_EN_UKCA.pdf"},{"acf_fc_layout":"dokument_link","nazwa_pliku":"Vyhl\u00e1senie - obklady - Ceramika Tub\u0105dzin II Sp. z o.o.","link_do_dokumentu":"https:\/\/apiprod7ga8u.tubadzin.pl\/api\/v1\/documents\/174\/deklaracja_monoporoza_ctii_15.11.2019_0.pdf"},{"acf_fc_layout":"dokument_link","nazwa_pliku":"Vyhl\u00e1senie - gresov\u00e9 dla\u017edice - Ceramika Tub\u0105dzin II Sp. z o.o.","link_do_dokumentu":"https:\/\/apiprod7ga8u.tubadzin.pl\/api\/v1\/documents\/173\/deklaracja_gres_ctii_15.11.2019_0.pdf"},{"acf_fc_layout":"dokument_link","nazwa_pliku":"Vyhl\u00e1senie - gresov\u00e9 dla\u017edice - Ceramika Tub\u0105dzin III Sp. z o.o.","link_do_dokumentu":"https:\/\/apiprod7ga8u.tubadzin.pl\/api\/v1\/documents\/493\/Declaration_of_performance_CTIII-Tub%C4%85dzin_Sp._z_o.o.-12.2022-EN.pdf"},{"acf_fc_layout":"dokument_link","nazwa_pliku":"Vyhl\u00e1senie - gresov\u00e9 dla\u017edice - Tub\u0105dzin Management Group Sp. z o.o.","link_do_dokumentu":"https:\/\/apiprod7ga8u.tubadzin.pl\/api\/v1\/documents\/171\/deklaracja_wlasciwosci_uzytkowych_tmg_aktualizacja.pdf"}]},"_links":{"self":[{"href":"https:\/\/www.tubadzin.pl\/tas\/wp-json\/wp\/v2\/pages\/1956"}],"collection":[{"href":"https:\/\/www.tubadzin.pl\/tas\/wp-json\/wp\/v2\/pages"}],"about":[{"href":"https:\/\/www.tubadzin.pl\/tas\/wp-json\/wp\/v2\/types\/page"}],"author":[{"embeddable":true,"href":"https:\/\/www.tubadzin.pl\/tas\/wp-json\/wp\/v2\/users\/1"}],"replies":[{"embeddable":true,"href":"https:\/\/www.tubadzin.pl\/tas\/wp-json\/wp\/v2\/comments?post=1956"}],"version-history":[{"count":30,"href":"https:\/\/www.tubadzin.pl\/tas\/wp-json\/wp\/v2\/pages\/1956\/revisions"}],"predecessor-version":[{"id":3193,"href":"https:\/\/www.tubadzin.pl\/tas\/wp-json\/wp\/v2\/pages\/1956\/revisions\/3193"}],"wp:featuredmedia":[{"embeddable":true,"href":"https:\/\/www.tubadzin.pl\/tas\/wp-json\/wp\/v2\/media\/806"}],"wp:attachment":[{"href":"https:\/\/www.tubadzin.pl\/tas\/wp-json\/wp\/v2\/media?parent=1956"}],"curies":[{"name":"wp","href":"https:\/\/api.w.org\/{rel}","templated":true}]}}