{"id":1976,"date":"2019-08-30T18:51:32","date_gmt":"2019-08-30T16:51:32","guid":{"rendered":"https:\/\/www.tubadzin.pl\/tas\/?page_id=1976"},"modified":"2019-08-30T20:47:46","modified_gmt":"2019-08-30T18:47:46","slug":"casto-kladene-otazky","status":"publish","type":"page","link":"https:\/\/www.tubadzin.pl\/tas\/sk\/casto-kladene-otazky\/","title":{"rendered":"FAQ"},"content":{"rendered":"","protected":false},"excerpt":{"rendered":"","protected":false},"author":1,"featured_media":0,"parent":0,"menu_order":0,"comment_status":"closed","ping_status":"closed","template":"","meta":[],"acf":{"architekci":[{"pytanie":"\u010co je na\u0161a odvetr\u00e1van\u00e1 fas\u00e1da?","odpowiedz":"<p>Odvetran\u00e1 fas\u00e1da je jedn\u00fdm z typov \u00faprav vonkaj\u0161\u00edch stien v stavebn\u00edctve. Toto rie\u0161enie integruje funkcie tepelnej izol\u00e1cie objektu, umo\u017e\u0148uje vetranie stien a je zodpovedn\u00e9 aj za formovanie vonkaj\u0161ieho vzh\u013eadu budovy. Odvetr\u00e1van\u00e1 fas\u00e1da umo\u017e\u0148uje sten\u00e1m \u201ed\u00fdcha\u0165&#8221;, v\u010faka \u010domu je ide\u00e1lnym rie\u0161en\u00edm v pr\u00edpade tepelnej moderniz\u00e1cie star\u00fdch budov so syst\u00e9mami vetrania s n\u00edzkou \u00fa\u010dinnos\u0165ou.<\/p>\n<p>Podstatnou v\u00fdhodou pou\u017eitia technol\u00f3gie odvetr\u00e1vanej fas\u00e1dy je ve\u013ek\u00e1 r\u00f4znorodos\u0165 materi\u00e1lov pou\u017e\u00edvan\u00fdch pre dokon\u010denie stien, ako aj ve\u013emi \u0161irok\u00e9 mo\u017enosti ich aplik\u00e1cie. Tento typ fas\u00e1dy je modern\u00fdm rie\u0161en\u00edm, preferovan\u00fdm architektmi, postupne vytl\u00e1\u010daj\u00facim tradi\u010dn\u00e9 zataplenie met\u00f3dou \u201enamokro&#8221;.<\/p>\n"},{"pytanie":"Ak\u00e9 s\u00fa typy fas\u00e1dnych obkladov?","odpowiedz":"<p>V odvetr\u00e1van\u00fdch fas\u00e1dach s\u00fa be\u017ene pou\u017e\u00edvan\u00e9 umel\u00e9 kompozitn\u00e9 materi\u00e1ly (HPL, vl\u00e1knit\u00fd cement, kompozitn\u00fd hlin\u00edk) a pr\u00edrodn\u00e9 oblo\u017eenie, ako s\u00fa pr\u00edrodn\u00e9 kamene, klinker alebo keramika. Na pozad\u00ed kompozitn\u00fdch materi\u00e1lov m\u00e1 keramika ove\u013ea vy\u0161\u0161iu odolnos\u0165 proti vonkaj\u0161\u00edm vplyvom, pri\u010dom disponuje u\u0161\u013eachtil\u00fdm vzh\u013eadom a nadpriemernou \u017eivotnos\u0165ou. \u010eal\u0161ie v\u00fdhody keramickej fas\u00e1dy s\u00fa vysok\u00fd stupe\u0148 tepelnej izol\u00e1cie budovy a vy\u0161\u0161ia zvukov\u00e1 izol\u00e1cia ako v pr\u00edpade kompozitn\u00fdch materi\u00e1lov. Ak porovn\u00e1me obklady z pr\u00edrodn\u00e9ho kame\u0148a a gresu, prevaha keramiky sa prejav\u00ed vo forme ni\u017e\u0161\u00edch investi\u010dn\u00fdch n\u00e1kladov, absencie potreby impregn\u00e1cie, ni\u017e\u0161ej hmotnosti obkladu a ove\u013ea v\u00e4\u010d\u0161\u00edch mo\u017enost\u00ed, pokia\u013e ide o dizajn. Keramick\u00e9 obklady navy\u0161e umo\u017e\u0148uj\u00fa pou\u017ei\u0165 mnoho \u010fal\u0161\u00edch sp\u00f4sobov upevnenia, \u010do umo\u017e\u0148uje v\u00e4\u010d\u0161iu flexibilitu a \u0161ir\u0161iu \u0161k\u00e1lu aplik\u00e1ci\u00ed.<\/p>\n<p>\u010casto sa objavuj\u00facou ot\u00e1zkou je podoba keramick\u00fdch obkladov s tzv. klinkerom. Klinker je typ gresu podliehaj\u00faci rovnak\u00fdm norm\u00e1m a vyr\u00e1ban\u00fd rovnak\u00fdm sp\u00f4sobom ako ve\u013ekoform\u00e1tov\u00e9 gresov\u00e9 obklady. V\u00fdhodou gresu v porovnan\u00ed s klinkerom je vy\u0161\u0161ia pru\u017enos\u0165 a men\u0161ia krehkos\u0165 materi\u00e1lu.<\/p>\n"},{"pytanie":"Ak\u00e9 s\u00fa typy fas\u00e1dnych obkladov?","odpowiedz":"<p>V odvetr\u00e1van\u00fdch fas\u00e1dach s\u00fa be\u017ene pou\u017e\u00edvan\u00e9 umel\u00e9 kompozitn\u00e9 materi\u00e1ly (HPL, vl\u00e1knit\u00fd cement, kompozitn\u00fd hlin\u00edk) a pr\u00edrodn\u00e9 oblo\u017eenie, ako s\u00fa pr\u00edrodn\u00e9 kamene, klinker alebo keramika. Na pozad\u00ed kompozitn\u00fdch materi\u00e1lov m\u00e1 keramika ove\u013ea vy\u0161\u0161iu odolnos\u0165 proti vonkaj\u0161\u00edm vplyvom, pri\u010dom disponuje u\u0161\u013eachtil\u00fdm vzh\u013eadom a nadpriemernou \u017eivotnos\u0165ou. \u010eal\u0161ie v\u00fdhody keramickej fas\u00e1dy s\u00fa vysok\u00fd stupe\u0148 tepelnej izol\u00e1cie budovy a vy\u0161\u0161ia zvukov\u00e1 izol\u00e1cia ako v pr\u00edpade kompozitn\u00fdch materi\u00e1lov. Ak porovn\u00e1me obklady z pr\u00edrodn\u00e9ho kame\u0148a a gresu, prevaha keramiky sa prejav\u00ed vo forme ni\u017e\u0161\u00edch investi\u010dn\u00fdch n\u00e1kladov, absencie potreby impregn\u00e1cie, ni\u017e\u0161ej hmotnosti obkladu a ove\u013ea v\u00e4\u010d\u0161\u00edch mo\u017enost\u00ed, pokia\u013e ide o dizajn. Keramick\u00e9 obklady navy\u0161e umo\u017e\u0148uj\u00fa pou\u017ei\u0165 mnoho \u010fal\u0161\u00edch sp\u00f4sobov upevnenia, \u010do umo\u017e\u0148uje v\u00e4\u010d\u0161iu flexibilitu a \u0161ir\u0161iu \u0161k\u00e1lu aplik\u00e1ci\u00ed.<\/p>\n<p>\u010casto sa objavuj\u00facou ot\u00e1zkou je podoba keramick\u00fdch obkladov s tzv. klinkerom. Klinker je typ gresu podliehaj\u00faci rovnak\u00fdm norm\u00e1m a vyr\u00e1ban\u00fd rovnak\u00fdm sp\u00f4sobom ako ve\u013ekoform\u00e1tov\u00e9 gresov\u00e9 obklady. V\u00fdhodou gresu v porovnan\u00ed s klinkerom je vy\u0161\u0161ia pru\u017enos\u0165 a men\u0161ia krehkos\u0165 materi\u00e1lu.<\/p>\n"},{"pytanie":"Ak\u00e9 s\u00fa po\u017eiadavky pre n\u00e1vrh odvetr\u00e1vanej fas\u00e1dy?","odpowiedz":"<p>Kompletn\u00fd s\u00fabor komponentov pre realiz\u00e1ciu odvetr\u00e1vanej fas\u00e1dy sa sklad\u00e1 z:<\/p>\n<ul>\n<li>upev\u0148ovacieho prvku spodnej kon\u0161trukcie do steny<\/li>\n<li>hlin\u00edkovej spodnej kon\u0161trukcie (r\u00e1m)<\/li>\n<li>miner\u00e1lnej vlny<\/li>\n<li>upev\u0148ovacieho prvku obkladu k r\u00e1mu<\/li>\n<li>v\u00fdstu\u017en\u00e9ho pletiva obkladu (volite\u013en\u00e9)<\/li>\n<li>fas\u00e1dneho obkladu<\/li>\n<\/ul>\n<ol>\n<li>Vetran\u00e1 fas\u00e1da je zostavou stavebn\u00fdch v\u00fdrobkov, ktor\u00fdch spr\u00e1vny v\u00fdber ur\u010duje kone\u010dn\u00fd v\u00fdsledok a rozhoduje, okrem in\u00e9ho, o bezpe\u010dnosti pou\u017e\u00edvania.<\/li>\n<li>Charakteristika produktu vy\u017eaduje pr\u00edpravu individu\u00e1lneho realiza\u010dn\u00e9ho projektu architektom alebo kon\u0161trukt\u00e9rom spolo\u010dnosti vyr\u00e1baj\u00facej fas\u00e1dy z polotovarov.<\/li>\n<li>Spolo\u010dnos\u0165 Ceramika Tub\u0105dzin je dod\u00e1vate\u013eom vonkaj\u0161ieho obkladu, ktor\u00fd je len jedn\u00fdm z nieko\u013ek\u00fdch prvkov fas\u00e1dy.<\/li>\n<li>Zodpovednos\u0165 za konkr\u00e9tnu polo\u017eku odvetr\u00e1vanej fas\u00e1dy a typ s\u00favisiacich pr\u00e1c je na strane spolo\u010dnosti, ktor\u00e1 je zodpovedn\u00e1 za dod\u00e1vku alebo in\u0161tal\u00e1ciu konkr\u00e9tnych prvkov. Najd\u00f4le\u017eitej\u0161ia je pritom pr\u00e1vna zodpovednos\u0165 architekta alebo kon\u0161trukt\u00e9ra fas\u00e1dy.<\/li>\n<\/ol>\n"},{"pytanie":"Je pri vyu\u017eit\u00ed syst\u00e9mu TAS mo\u017en\u00e9 z\u00edska\u0165 aj technick\u00fa pomoc?","odpowiedz":"<p>Tub\u0105dzin Airflow System pon\u00faka pln\u00fa podporu pre projektantov a dod\u00e1vate\u013eov:<\/p>\n<ul>\n<li>pomoc pri v\u00fdbere povrchov\u00fdch materi\u00e1lov a preveden\u00ed koncep\u010dn\u00e9ho n\u00e1vrhu fas\u00e1dy<\/li>\n<li>organizujeme bezplatn\u00e9 \u0161kolenia pre projek\u010dn\u00e9 kancel\u00e1rie a stavebn\u00e9 firmy<\/li>\n<li>objektovo orientovan\u00e9 oddelenia na\u0161ich partnerov v\u00e1m pom\u00f4\u017eu vybra\u0165 rie\u0161enia, ktor\u00e9 bud\u00fa \u010do najlep\u0161ie zodpoveda\u0165 charakteristike invest\u00edci\u00ed, tak\u017ee bude mo\u017en\u00e9 optimalizova\u0165 n\u00e1klady a dodacie lehoty<\/li>\n<li>CAD detaily s\u00fa k dispoz\u00edcii na stiahnutie.<\/li>\n<\/ul>\n"},{"pytanie":"Ak\u00e9 s\u00fa kvalitat\u00edvne faktory prvkov syst\u00e9mu TAS?","odpowiedz":"<p>Izola\u010dn\u00fd materi\u00e1l mus\u00ed zaisti\u0165 dobr\u00e9 vetranie stien. Be\u017ene sa pou\u017e\u00edva vlna s hr\u00fabkou 15-20 cm, ktor\u00e1 m\u00e1 na jednej strane takzvan\u00fd z\u00e1voj, teda paropriepustn\u00fa membr\u00e1nu. V\u0161etky spoje medzi jednotliv\u00fdmi prvkami vlny musia by\u0165 vykonan\u00e9 opatrne, bez preru\u0161enia, aby nedo\u0161lo k vytv\u00e1raniu tepeln\u00fdch mostov.<\/p>\n<p>Ukotvenie spodnej kon\u0161trukcie do steny je potrebn\u00e9 vykona\u0165 pri zoh\u013eadnen\u00ed \u0161pecif\u00edk podkladu, do ktor\u00e9ho je montovan\u00fd obklad. V pr\u00edpade \u017eelezobet\u00f3nov\u00fdch stien s\u00fa pou\u017e\u00edvan\u00e9 in\u00e9 mont\u00e1\u017ene prvky ako v pr\u00edpade p\u00f3robet\u00f3nu alebo keramick\u00fdch tv\u00e1rnic.<\/p>\n<p>Bezpe\u010dnos\u0165 pou\u017e\u00edvania. Oblo\u017eenie stien mus\u00ed zaisti\u0165 bezpe\u010dnos\u0165 v pr\u00edpade mechanick\u00e9ho po\u0161kodenia. Na zabezpe\u010denie zachovania integrity dla\u017ed\u00edc v pr\u00edpade prasknutia sa obklad podlepuje pletivom syst\u00e9mu SIKA alebo sa spodn\u00e1 kon\u0161trukcia zahus\u0165uje, aby prebrala na seba sily vznikaj\u00face d\u00f4sledkom mo\u017en\u00e9ho n\u00e1razu.<\/p>\n<p>Z\u00e1kladn\u00fd rozstup vertik\u00e1lnych profilov je 60 cm a pri takejto vzdialenosti si dla\u017edica s hr\u00fabkou 10 mm zachov\u00e1va svoje parametre pri n\u00e1raze.<\/p>\n<p>Dla\u017edica s hr\u00fabkou 6 mm sp\u013a\u0148a po\u017eiadavky pri zachovan\u00ed podmienky zahustenia podkladovej kon\u0161trukcie do 40 cm alebo podlepen\u00ed dla\u017edice pletivom (pri rozstupe 60 cm).<\/p>\n<p>Rozhodnutie o podlepen\u00ed alebo zahusten\u00ed kon\u0161trukcie je zodpovednos\u0165ou projektanta alebo dod\u00e1vate\u013ea na z\u00e1klade sk\u00fa\u0161ok alebo v\u00fdpo\u010dtov.<\/p>\n<p>Na odolnos\u0165 dla\u017edice m\u00e1 ve\u013ek\u00fd vplyv spodn\u00e1 kon\u0161trukcia. \u0160\u00edrka profilov pou\u017eit\u00fdch v lepenom alebo r\u00e1movom syst\u00e9me v\u00fdrazne zlep\u0161uje mechanick\u00e9 rozlo\u017eenie nap\u00e4tia, \u010d\u00edm sa zvy\u0161uje pevnos\u0165 dla\u017edice.<\/p>\n"},{"pytanie":"Ak\u00e9 s\u00fa po\u017eiadavky pre n\u00e1vrh odvetr\u00e1vanej fas\u00e1dy?","odpowiedz":"<p>Kompletn\u00fd s\u00fabor komponentov pre realiz\u00e1ciu odvetr\u00e1vanej fas\u00e1dy sa sklad\u00e1 z:<\/p>\n<ul>\n<li>upev\u0148ovacieho prvku spodnej kon\u0161trukcie do steny<\/li>\n<li>hlin\u00edkovej spodnej kon\u0161trukcie (r\u00e1m)<\/li>\n<li>miner\u00e1lnej vlny<\/li>\n<li>upev\u0148ovacieho prvku obkladu k r\u00e1mu<\/li>\n<li>v\u00fdstu\u017en\u00e9ho pletiva obkladu (volite\u013en\u00e9)<\/li>\n<li>fas\u00e1dneho obkladu<\/li>\n<\/ul>\n<ol>\n<li>Vetran\u00e1 fas\u00e1da je zostavou stavebn\u00fdch v\u00fdrobkov, ktor\u00fdch spr\u00e1vny v\u00fdber ur\u010duje kone\u010dn\u00fd v\u00fdsledok a rozhoduje, okrem in\u00e9ho, o bezpe\u010dnosti pou\u017e\u00edvania.<\/li>\n<li>Charakteristika produktu vy\u017eaduje pr\u00edpravu individu\u00e1lneho realiza\u010dn\u00e9ho projektu architektom alebo kon\u0161trukt\u00e9rom spolo\u010dnosti vyr\u00e1baj\u00facej fas\u00e1dy z polotovarov.<\/li>\n<li>Spolo\u010dnos\u0165 Ceramika Tub\u0105dzin je dod\u00e1vate\u013eom vonkaj\u0161ieho obkladu, ktor\u00fd je len jedn\u00fdm z nieko\u013ek\u00fdch prvkov fas\u00e1dy.<\/li>\n<li>Zodpovednos\u0165 za konkr\u00e9tnu polo\u017eku odvetr\u00e1vanej fas\u00e1dy a typ s\u00favisiacich pr\u00e1c je na strane spolo\u010dnosti, ktor\u00e1 je zodpovedn\u00e1 za dod\u00e1vku alebo in\u0161tal\u00e1ciu konkr\u00e9tnych prvkov. Najd\u00f4le\u017eitej\u0161ia je pritom pr\u00e1vna zodpovednos\u0165 architekta alebo kon\u0161trukt\u00e9ra fas\u00e1dy.<\/li>\n<\/ol>\n"}],"wykonawcy":[{"pytanie":"Miner\u00e1lna vlna","odpowiedz":"<p>Izola\u010dn\u00fd materi\u00e1l mus\u00ed zaisti\u0165 dobr\u00e9 vetranie stien. Be\u017ene sa pou\u017e\u00edva vlna s hr\u00fabkou 15-20 cm, ktor\u00e1 m\u00e1 na jednej strane takzvan\u00fd z\u00e1voj, teda paropriepustn\u00fa membr\u00e1nu. V\u0161etky spoje medzi jednotliv\u00fdmi prvkami vlny musia by\u0165 vykonan\u00e9 opatrne, bez preru\u0161enia, aby nedo\u0161lo k vytv\u00e1raniu tepeln\u00fdch mostov.<\/p>\n"},{"pytanie":"Ukotvenie spodnej kon\u0161trukcie do steny","odpowiedz":"<p>Je to prv\u00e1 s\u00fa\u010das\u0165 zostavy, ktorej v\u00fdber vypl\u00fdva zo \u0161pecif\u00edk podkladu, do ktor\u00e9ho je montovan\u00fd obklad. Zodpovednos\u0165 za v\u00fdber upevnenia spodnej kon\u0161trukcie do steny nesie v plnom rozsahu spolo\u010dnos\u0165 vykon\u00e1vaj\u00faca mont\u00e1\u017e. Spr\u00e1vny v\u00fdber mont\u00e1\u017enych met\u00f3d mus\u00ed by\u0165 v\u017edy potvrden\u00fd v\u00fdpo\u010dtami autorizovan\u00e9ho kon\u0161trukt\u00e9ra na z\u00e1klade anal\u00fdzy podkladu, pri\u010dom sa berie do \u00favahy hmotnos\u0165 fas\u00e1dy a s\u00edl pren\u00e1\u0161an\u00fdch z obkladu na kon\u0161trukciu steny cez r\u00e1m. V pr\u00edpade \u017eelezobet\u00f3nov\u00fdch stien s\u00fa potrebn\u00e9 in\u00e9 mont\u00e1\u017ene prvky ako v pr\u00edpade p\u00f3robet\u00f3nu alebo keramick\u00fdch tv\u00e1rnic. S v\u00fdberom vhodn\u00e9ho rie\u0161enia \u010dasto pom\u00e1haj\u00fa technick\u00e9 oddelenia dan\u00e9ho v\u00fdrobcu spodnej kon\u0161trukcie.<\/p>\n"},{"pytanie":"Spodn\u00e1 kon\u0161trukcia + mont\u00e1\u017e obkladu","odpowiedz":"<p>Hlin\u00edkov\u00e1 spodn\u00e1 kon\u0161trukcia, naz\u00fdvan\u00e1 aj r\u00e1m alebo ro\u0161t, pln\u00ed nieko\u013eko funkci\u00ed, a jej spr\u00e1vny v\u00fdber je rozhoduj\u00faci pri pl\u00e1novan\u00ed a realiz\u00e1cii pr\u00e1c. R\u00e1m zabezpe\u010duje prenos s\u00edl p\u00f4sobiacich na obklad a stavebn\u00fa kon\u0161trukciu budovy a zais\u0165uje aj stabilitu a trvanlivos\u0165 jej jednotliv\u00fdch prvkov, pri\u010dom umo\u017e\u0148uje kompenz\u00e1ciu s\u00edl sp\u00f4soben\u00fdch roz\u0161irovan\u00edm materi\u00e1lov. Spodn\u00e1 kon\u0161trukcia mus\u00ed umo\u017e\u0148ova\u0165 mont\u00e1\u017e v ur\u010dit\u00fdch poveternostn\u00fdch podmienkach, napr. v pr\u00edpade realiz\u00e1cie v zime nie je mo\u017en\u00e9 pou\u017e\u00edva\u0165 syst\u00e9my lepen\u00e9 \u201ena mieste&#8221;. R\u00f4zne typy spodn\u00fdch kon\u0161trukci\u00ed umo\u017e\u0148uj\u00fa demont\u00e1\u017e a v\u00fdmenu jednotliv\u00fdch fas\u00e1dnych prvkov, umo\u017e\u0148uj\u00fa pr\u00edstup k in\u0161tal\u00e1ci\u00e1m nach\u00e1dzaj\u00facich sa pod opl\u00e1\u0161ten\u00edm a umo\u017e\u0148uj\u00fa pou\u017eitie fotovoltaick\u00fdch panelov v jednej rovine. Vo\u013eba vhodn\u00e9ho rozsahu spodn\u00e9ho r\u00e1mu z\u00e1vis\u00ed od hr\u00fabky pou\u017eitej izol\u00e1cie a vzduchovej medzery. Ni\u017e\u0161ie uv\u00e1dzame opis z\u00e1kladn\u00fdch typov spodn\u00fdch kon\u0161trukci\u00ed: Lepen\u00fd syst\u00e9m je zalo\u017een\u00fd na mont\u00e1\u017ei kompletn\u00e9ho r\u00e1mu na stenu a nalepen\u00ed obkladu priamo do vzniknutej roviny tvorenej mont\u00e1\u017enym syst\u00e9mom (napr. SIKA TACK PANEL). V\u00fdhodou tak\u00e9hoto rie\u0161enia je jednoduchos\u0165 kon\u0161trukcie, n\u00edzke n\u00e1klady a mo\u017enos\u0165 realiz\u00e1cie kompletn\u00fdch pr\u00e1c na stavbe. Nev\u00fdhodou je obmedzen\u00fd rozsah tepl\u00f4t a vlhkosti, pri ktor\u00fdch je syst\u00e9m mo\u017en\u00e9 pou\u017ei\u0165. Mont\u00e1\u017e pri n\u00edzkych teplot\u00e1ch a v da\u017edi nie je mo\u017en\u00e1. Pri pou\u017eit\u00ed vo v\u00fd\u0161ke nad 25 metrov je nutn\u00e9 pou\u017ei\u0165 \u010fal\u0161ie mechanick\u00e9 upev\u0148ovacie prvky. R\u00e1mov\u00fd syst\u00e9m je vari\u00e1ciou lepen\u00e9ho syst\u00e9mu s t\u00fdm rozdielom, \u017ee \u010das\u0165 spodnej kon\u0161trukcie je namontovan\u00e1 na stene a \u010das\u0165 je upevnen\u00e1 do dla\u017edice v z\u00e1vode\/dielni dod\u00e1vate\u013ea. Obkladov\u00e9 prvky s\u00fa n\u00e1sledne s podlepen\u00fdm r\u00e1mom prevezen\u00e9 a montovan\u00e9 na stavbe. To umo\u017e\u0148uje pracova\u0165 za v\u0161etk\u00fdch poveternostn\u00fdch podmienok, za predpokladu, \u017ee v \u010dase lepenia boli v dielni zabezpe\u010den\u00e9 po\u017eadovan\u00e9 parametre. R\u00e1mov\u00fd syst\u00e9m dodato\u010dne vystu\u017euje obklad a poskytuje lep\u0161ie rozlo\u017eenie pnutia v materi\u00e1li. Mechanick\u00e9 spojovacie syst\u00e9my Na trhu je cel\u00fd rad rie\u0161en\u00ed, s vidite\u013en\u00fdmi i nevidite\u013en\u00fdmi mont\u00e1\u017enymi prvkami obkladov\u00fdch syst\u00e9mov. Hlavnou v\u00fdhodou je \u00fapln\u00e1 po\u017eiarna odolnos\u0165 alebo jednoduch\u00e1 v\u00fdmena jednotliv\u00fdch prvkov fas\u00e1dy v pr\u00edpade ich po\u0161kodenia. Syst\u00e9my mechanick\u00e9ho upevnenia s\u00fa naj\u010dastej\u0161ie zalo\u017een\u00e9 na vonkaj\u0161\u00edch \u00fachytoch dr\u017eiacich obklad. V pr\u00edpade ve\u013ek\u00fdch objektov a pri vhodnom v\u00fdbere farby mo\u017eno minimalizova\u0165 ich vplyv na vzh\u013ead fas\u00e1dy. Syst\u00e9my s ukryt\u00fdm upevnen\u00edm vy\u017eaduj\u00fa \u010fal\u0161ie spracovanie materi\u00e1lu vo forme pou\u017eitia kol\u00edkov typu KEIL alebo realiz\u00e1ciu rezov umo\u017e\u0148uj\u00facich pou\u017eitie \u00fachytov typu INV3 alebo oce\u013eov\u00fdch dr\u017eiakov.<\/p>\n"},{"pytanie":"Pletivo vystu\u017euj\u00face obklad syst\u00e9mu SIKA","odpowiedz":"<p>Fas\u00e1dny obklad, v pr\u00edpade jeho mechanick\u00e9ho po\u0161kodenia mus\u00ed zaisti\u0165 bezpe\u010dnos\u0165 pou\u017e\u00edvania. Povinnou sk\u00fa\u0161kou fas\u00e1dy realizovanou v laborat\u00f3rnych podmienkach v s\u00falade s pokynmi In\u0161tit\u00fatu stavebnej techniky je \u00fader m\u00e4kk\u00fdm a tvrd\u00fdm predmetom. Obklad nesmie po \u00fadere do\u0148 odpadn\u00fa\u0165. Pre tento \u00fa\u010del mus\u00ed ma\u0165 dla\u017edica r\u00e1zov\u00fa pevnos\u0165 vypl\u00fdvaj\u00facu z hr\u00fabky alebo disponova\u0165 spodnou zahustenou kon\u0161trukciou, ktor\u00e1 prevezme sily sp\u00f4soben\u00e9 r\u00e1zmi. Je takisto mo\u017en\u00e9 podlepenie dla\u017edice pomocou syst\u00e9mu SIKA, ktor\u00fd zabezpe\u010d\u00ed zaistenie integrity obkladu a zabr\u00e1nenie jeho odpadnutiu. \u0160tandardn\u00fd rozstup vertik\u00e1lnych profilov je 60 cm a pri takejto vzdialenosti si dla\u017edica s hr\u00fabkou 10 mm zachov\u00e1va svoje parametre pri n\u00e1raze. Dla\u017edica s hr\u00fabkou 6 mm sp\u013a\u0148a po\u017eiadavky pri zachovan\u00ed podmienky zahustenia podkladovej kon\u0161trukcie do 40 cm alebo podlepen\u00ed dla\u017edice pletivom (pri rozstupe 60 cm). Na odolnos\u0165 dla\u017edice m\u00e1 ve\u013ek\u00fd vplyv spodn\u00e1 kon\u0161trukcia. \u0160\u00edrka profilov pou\u017eit\u00fdch v lepenom alebo r\u00e1movom syst\u00e9me v\u00fdrazne zlep\u0161uje mechanick\u00e9 rozlo\u017eenie nap\u00e4tia, \u010d\u00edm sa zvy\u0161uje pevnos\u0165 dla\u017edice.<\/p>\n"}],"brak_obrazka":false,"sec_title":"TUB\u0104DZIN AIRFLOW SYSTEM","opis_strony":"TAS je nov\u00fd rozmer rie\u0161en\u00ed vytvoren\u00fd pre odvetr\u00e1van\u00e9 fas\u00e1dy.<br \/>\r\nJe to tie\u017e podpora pre architektov a dod\u00e1vate\u013eov, ktor\u00ed ocenia rafinovan\u00e9 detaily, odolnos\u0165 a funk\u010dnos\u0165 v\u00fdrobkov.","ukryj_opis":false},"_links":{"self":[{"href":"https:\/\/www.tubadzin.pl\/tas\/wp-json\/wp\/v2\/pages\/1976"}],"collection":[{"href":"https:\/\/www.tubadzin.pl\/tas\/wp-json\/wp\/v2\/pages"}],"about":[{"href":"https:\/\/www.tubadzin.pl\/tas\/wp-json\/wp\/v2\/types\/page"}],"author":[{"embeddable":true,"href":"https:\/\/www.tubadzin.pl\/tas\/wp-json\/wp\/v2\/users\/1"}],"replies":[{"embeddable":true,"href":"https:\/\/www.tubadzin.pl\/tas\/wp-json\/wp\/v2\/comments?post=1976"}],"version-history":[{"count":12,"href":"https:\/\/www.tubadzin.pl\/tas\/wp-json\/wp\/v2\/pages\/1976\/revisions"}],"predecessor-version":[{"id":1988,"href":"https:\/\/www.tubadzin.pl\/tas\/wp-json\/wp\/v2\/pages\/1976\/revisions\/1988"}],"wp:attachment":[{"href":"https:\/\/www.tubadzin.pl\/tas\/wp-json\/wp\/v2\/media?parent=1976"}],"curies":[{"name":"wp","href":"https:\/\/api.w.org\/{rel}","templated":true}]}}