{"id":2001,"date":"2019-08-30T21:03:45","date_gmt":"2019-08-30T19:03:45","guid":{"rendered":"https:\/\/www.tubadzin.pl\/tas\/?page_id=2001"},"modified":"2019-11-07T17:05:51","modified_gmt":"2019-11-07T15:05:51","slug":"realizacie","status":"publish","type":"page","link":"https:\/\/www.tubadzin.pl\/tas\/sk\/realizacie\/","title":{"rendered":"REALIZ\u00c1CIE"},"content":{"rendered":"","protected":false},"excerpt":{"rendered":"","protected":false},"author":1,"featured_media":0,"parent":0,"menu_order":0,"comment_status":"closed","ping_status":"closed","template":"page-templates\/template-realizacje.php","meta":[],"acf":{"brak_obrazka":true,"sec_title":"TUB\u0104DZIN AIRFLOW SYSTEM","opis_strony":"TAS je nov\u00fd rozmer rie\u0161en\u00ed vytvoren\u00fd pre odvetr\u00e1van\u00e9 fas\u00e1dy.<br \/>\r\nJe to tie\u017e podpora pre architektov a dod\u00e1vate\u013eov, ktor\u00ed ocenia rafinovan\u00e9 detaily, odolnos\u0165 a funk\u010dnos\u0165 v\u00fdrobkov.","ukryj_opis":true},"_links":{"self":[{"href":"https:\/\/www.tubadzin.pl\/tas\/wp-json\/wp\/v2\/pages\/2001"}],"collection":[{"href":"https:\/\/www.tubadzin.pl\/tas\/wp-json\/wp\/v2\/pages"}],"about":[{"href":"https:\/\/www.tubadzin.pl\/tas\/wp-json\/wp\/v2\/types\/page"}],"author":[{"embeddable":true,"href":"https:\/\/www.tubadzin.pl\/tas\/wp-json\/wp\/v2\/users\/1"}],"replies":[{"embeddable":true,"href":"https:\/\/www.tubadzin.pl\/tas\/wp-json\/wp\/v2\/comments?post=2001"}],"version-history":[{"count":5,"href":"https:\/\/www.tubadzin.pl\/tas\/wp-json\/wp\/v2\/pages\/2001\/revisions"}],"predecessor-version":[{"id":2074,"href":"https:\/\/www.tubadzin.pl\/tas\/wp-json\/wp\/v2\/pages\/2001\/revisions\/2074"}],"wp:attachment":[{"href":"https:\/\/www.tubadzin.pl\/tas\/wp-json\/wp\/v2\/media?parent=2001"}],"curies":[{"name":"wp","href":"https:\/\/api.w.org\/{rel}","templated":true}]}}