{"id":2070,"date":"2019-11-07T16:35:45","date_gmt":"2019-11-07T14:35:45","guid":{"rendered":"https:\/\/www.tubadzin.pl\/tas\/?page_id=2070"},"modified":"2019-11-07T16:35:46","modified_gmt":"2019-11-07T14:35:46","slug":"%d1%80%d0%b5%d1%88%d0%b5%d0%bd%d0%b8%d1%8f-%d0%b8-%d0%bf%d1%80%d0%be%d0%b5%d0%ba%d1%82%d1%8b","status":"publish","type":"page","link":"https:\/\/www.tubadzin.pl\/tas\/ru\/%d1%80%d0%b5%d1%88%d0%b5%d0%bd%d0%b8%d1%8f-%d0%b8-%d0%bf%d1%80%d0%be%d0%b5%d0%ba%d1%82%d1%8b\/","title":{"rendered":"\u0420\u0415\u0428\u0415\u041d\u0418\u042f \u0418 \u041f\u0420\u041e\u0415\u041a\u0422\u042b"},"content":{"rendered":"","protected":false},"excerpt":{"rendered":"","protected":false},"author":1,"featured_media":0,"parent":0,"menu_order":0,"comment_status":"closed","ping_status":"closed","template":"page-templates\/template-realizacje.php","meta":[],"acf":{"brak_obrazka":true,"sec_title":"TUB\u0104DZIN AIRFLOW SYSTEM","opis_strony":"TAS to nowy wymiar rozwi\u0105za\u0144 stworzonych z my\u015bl\u0105 o elewacjach wentylowanych. <br \/>\r\nTo r\u00f3wnie\u017c wsparcie dla architekt\u00f3w i wykonawc\u00f3w ceni\u0105cych dopracowane detale, wytrzyma\u0142o\u015b\u0107 i funkcjonalno\u015b\u0107 produkt\u00f3w.","ukryj_opis":true},"_links":{"self":[{"href":"https:\/\/www.tubadzin.pl\/tas\/wp-json\/wp\/v2\/pages\/2070"}],"collection":[{"href":"https:\/\/www.tubadzin.pl\/tas\/wp-json\/wp\/v2\/pages"}],"about":[{"href":"https:\/\/www.tubadzin.pl\/tas\/wp-json\/wp\/v2\/types\/page"}],"author":[{"embeddable":true,"href":"https:\/\/www.tubadzin.pl\/tas\/wp-json\/wp\/v2\/users\/1"}],"replies":[{"embeddable":true,"href":"https:\/\/www.tubadzin.pl\/tas\/wp-json\/wp\/v2\/comments?post=2070"}],"version-history":[{"count":1,"href":"https:\/\/www.tubadzin.pl\/tas\/wp-json\/wp\/v2\/pages\/2070\/revisions"}],"predecessor-version":[{"id":2071,"href":"https:\/\/www.tubadzin.pl\/tas\/wp-json\/wp\/v2\/pages\/2070\/revisions\/2071"}],"wp:attachment":[{"href":"https:\/\/www.tubadzin.pl\/tas\/wp-json\/wp\/v2\/media?parent=2070"}],"curies":[{"name":"wp","href":"https:\/\/api.w.org\/{rel}","templated":true}]}}